{"id":1387,"date":"2020-11-16T13:10:52","date_gmt":"2020-11-16T13:10:52","guid":{"rendered":"http:\/\/ntechdrilling.com\/?page_id=1387"},"modified":"2021-03-09T12:21:52","modified_gmt":"2021-03-09T12:21:52","slug":"gizlilik-sozlesmemiz","status":"publish","type":"page","link":"http:\/\/ntechdrilling.com\/en\/gizlilik-sozlesmemiz\/","title":{"rendered":"Gizlilik S\u00f6zle\u015fmemiz"},"content":{"rendered":"<p><strong>NTECH SONDAJ TEKNOLOJ\u0130LER\u0130 SANAY\u0130 T\u0130CARET LTD \u015eT\u0130 G\u0130ZL\u0130L\u0130K S\u00d6ZLE\u015eMES\u0130<\/strong><\/p>\n\n\n\n<p><strong>TARAFLAR<\/strong><br><br>\u0130\u015fbu S\u00f6zle\u015fmenin taraflar\u0131,K\u0131z\u0131l\u0131rmak mah Dumlup\u0131nar bulvar\u0131 Pasifik gayrimenkul3C-1 160 Cankaya\/Ankara adresinde mukim&nbsp;0627010058200012&nbsp;Mersis Numaral\u0131 NTECH SONDAJ TEKNOLOJ\u0130LER\u0130 SANAY\u0130 T\u0130CARET LTD&nbsp; \u015eT\u0130 ile bilgi alan ki\u015filer aras\u0131ndad\u0131r<\/p>\n\n\n\n<p><strong>G\u0130ZL\u0130L\u0130K VE E- B\u00dcLTEN&nbsp;<\/strong>&nbsp;<\/p>\n\n\n\n<p>Ki\u015fisel verilerinizin korunmas\u0131 i\u00e7in Ki\u015fisel Verilerin Korunmas\u0131 Kanunu ve ilgili yasal mevzuat kapsam\u0131nda teknik ve idari \u00f6nlemleri alm\u0131\u015f bulunmaktay\u0131z. Ki\u015fisel verileriniz, yasal mevzuata uygun olarak vermi\u015f oldu\u011funuz a\u00e7\u0131k r\u0131zan\u0131za istinaden al\u0131nmakta, i\u015flenmekte ve 3. \u015eah\u0131slara aktar\u0131lmaktad\u0131r.<\/p>\n\n\n\n<p>Ki\u015fisel verilerin i\u015flenmesi; ki\u015fisel verilerin tamamen ve k\u0131smen otomatik olan ya da herhangi bir veri kay\u0131t sisteminin par\u00e7as\u0131 olmak kayd\u0131yla otomatik olmayan yollarla elde edilmesi, kaydedilmesi, depolanmas\u0131, muhafaza edilmesi, de\u011fi\u015ftirilmesi, yeniden d\u00fczenlenmesi, a\u00e7\u0131klanmas\u0131, aktar\u0131lmas\u0131, devral\u0131nmas\u0131, elde edilebilir hale getirilmesi, s\u0131n\u0131fland\u0131r\u0131lmas\u0131 ya da kullan\u0131lmas\u0131n\u0131n engellenmesi gibi veriler \u00fczerinde ger\u00e7ekle\u015ftirilen her t\u00fcrl\u00fc i\u015flemdir.<\/p>\n\n\n\n<p>NTECH , bilgi almak isteyen ki\u015filere daha iyi hizmet verebilmek, \u00fcr\u00fcnlerini ve hizmetlerini geli\u015ftirmek, internet sitesinin kullan\u0131m\u0131n\u0131 kolayla\u015ft\u0131rmak ve kullan\u0131c\u0131lar\u0131n \u00f6zel tercihlerine ve ilgi alanlar\u0131na y\u00f6nelik \u00e7al\u0131\u015fmalar ve g\u00f6sterimler yapmak amac\u0131yla bilgi alma a\u015famas\u0131nda ve internet sitesini kullan\u0131rken kullan\u0131c\u0131lardan baz\u0131 ki\u015fisel bilgilerin (ad\u0131n\u0131z, soyad\u0131n\u0131z, do\u011fum tarihiniz, ya\u015f\u0131n\u0131z, cinsiyetiniz, medeni durumunuz, ilgi alanlar\u0131n\u0131z, e-posta adresiniz, telefon numaran\u0131z vb.) verilmesini talep etmekte ve ki\u015fisel verilerinizi bu ama\u00e7 do\u011frultusunda toplamakta, i\u015flemekte ve kullanmaktad\u0131r. NTECH daha iyi hizmet verebilmek ve servisleri geli\u015ftirmek amac\u0131yla 3. \u015eah\u0131slar ile yap\u0131lacak i\u015fbirli\u011fi kapsam\u0131nda 3. \u015eah\u0131slar ile payla\u015f\u0131labilir. Bilgi almak isteyen, ki\u015fisel bilgilerinin NTECH taraf\u0131ndan bu ko\u015fullar ile kullan\u0131lmas\u0131n\u0131, i\u015flenmesini, aktar\u0131lmas\u0131n\u0131 ve saklanmas\u0131n\u0131 kabul eder. NTECH ile payla\u015fm\u0131\u015f oldu\u011funuz ki\u015fisel bilgileriniz bu ama\u00e7 d\u0131\u015f\u0131nda kullan\u0131lmaz ve 3. \u015eah\u0131slar ile payla\u015f\u0131lmaz.<\/p>\n\n\n\n<p>NTECH, \u0130nternet Sitesi\u2019nin kullan\u0131m\u0131 s\u0131ras\u0131nda sizlerden talep etti\u011fi ki\u015fisel bilgileri, i\u015fbu S\u00f6zle\u015fme\u2019de belirlenen ko\u015fullar d\u0131\u015f\u0131nda \u00fc\u00e7\u00fcnc\u00fc \u015fah\u0131slarla kesinlikle payla\u015fmamakta, faaliyet d\u0131\u015f\u0131 hi\u00e7bir nedenle ticari ama\u00e7la kullanmamaktad\u0131r. Ki\u015fisel bilgileriniz, ancak resmi makamlarca usul\u00fcne uygun \u015fekilde talep edilmesi halinde ve y\u00fcr\u00fcrl\u00fckteki emredici mevzuat h\u00fck\u00fcmleri gere\u011fince resmi makamlara a\u00e7\u0131klama yapmak zorunda olunan durumlarda resmi makamlara a\u00e7\u0131klanabilir.<\/p>\n\n\n\n<p>Ki\u015fisel Verilerin Korunmas\u0131 Kanunu uyar\u0131nca:<\/p>\n\n\n\n<p>(a)&nbsp;&nbsp;ki\u015fisel verinizin i\u015flenip i\u015flenilmedi\u011fini \u00f6\u011frenme;<\/p>\n\n\n\n<p>(b)&nbsp;&nbsp;ki\u015fisel verileriniz i\u015flenmi\u015fse buna ili\u015fkin bilgi talep etme;<\/p>\n\n\n\n<p>(c)&nbsp;&nbsp;ki\u015fisel verilerinizin i\u015flenme amac\u0131n\u0131 ve bunlar\u0131n amac\u0131na uygun kullan\u0131l\u0131p kullan\u0131lmad\u0131\u011f\u0131n\u0131 \u00f6\u011frenme;<\/p>\n\n\n\n<p>(d)&nbsp;&nbsp;yurt i\u00e7inde veya yurt d\u0131\u015f\u0131nda ki\u015fisel verileriniz aktar\u0131ld\u0131\u011f\u0131 \u00fc\u00e7\u00fcnc\u00fc ki\u015fileri bilme;<\/p>\n\n\n\n<p>(e)&nbsp;&nbsp;ki\u015fisel verilerinizin eksik veya yanl\u0131\u015f i\u015flenmi\u015f olmas\u0131 h\u00e2linde bunlar\u0131n d\u00fczeltilmesini isteme;<\/p>\n\n\n\n<p>(f)&nbsp;&nbsp;&nbsp;ki\u015fisel verilerinizin i\u015flenmesini gerektiren sebeplerin ortadan kalkmas\u0131 halinde ki\u015fisel verilerinizin silinmesini veya yok edilmesini isteme;<\/p>\n\n\n\n<p>(g)&nbsp;&nbsp;Ki\u015fisel Verilerin Korunmas\u0131 Hakk\u0131nda Kanun Madde 7 uyar\u0131nca yukar\u0131da bahsedilen d\u00fczeltme, silme veya yok etme i\u015flemlerinin, ki\u015fisel verilerinizin aktar\u0131ld\u0131\u011f\u0131 \u00fc\u00e7\u00fcnc\u00fc ki\u015filere bildirilmesini isteme;<\/p>\n\n\n\n<p>(h)&nbsp;&nbsp;i\u015flenen verilerinizin m\u00fcnhas\u0131ran otomatik sistemler vas\u0131tas\u0131yla analiz edilmesi suretiyle aleyhinize bir sonucun&nbsp;ortaya \u00e7\u0131kmas\u0131na itiraz etme; ve<\/p>\n\n\n\n<p>(i)&nbsp;&nbsp;&nbsp;&nbsp;ki\u015fisel verilerinizin kanuna ayk\u0131r\u0131 olarak i\u015flenmesi sebebiyle zarara u\u011framan\u0131z h\u00e2linde zarar\u0131n\u0131z\u0131n giderilmesini talep etme<\/p>\n\n\n\n<p>haklar\u0131na sahipsiniz.<\/p>\n\n\n\n<p>Bilgi alan, NTECH&#8217;e vermi\u015f oldu\u011fu e-posta adresine NTECH \u00fcr\u00fcn ve servisleri ile ilgili kampanya, b\u00fclten, tan\u0131t\u0131m, reklam ve duyurulardan haberdar olmas\u0131 amac\u0131yla NTECH taraf\u0131ndan ticari elektronik ileti g\u00f6nderilmesini kabul eder.<\/p>\n\n\n\n<p>Di\u011fer bir\u00e7ok web sitesi gibi NTECH de \u201c\u00e7erezler\u201dden faydalanmaktad\u0131r. \u00c7erezler bir web sayfas\u0131 sunucusu taraf\u0131ndan sabit s\u00fcr\u00fcc\u00fcn\u00fcze iletilen k\u00fc\u00e7\u00fck metin dosyalar\u0131d\u0131r. \u00c7erezler programlar\u0131 \u00e7al\u0131\u015ft\u0131rmada veya bilgisayar\u0131n\u0131za&nbsp;vir\u00fcs&nbsp;g\u00f6ndermede kullan\u0131lamaz.<\/p>\n\n\n\n<p>\u00c7erezler olmadan \u0130nternet Sitesi\u2019ni her zaman g\u00f6r\u00fcnt\u00fcleyebilirsiniz. \u0130nternet taray\u0131c\u0131lar\u0131 her zaman \u00e7erezleri kabul edecek \u015fekilde kuruludur. Taray\u0131c\u0131 ayarlar\u0131n\u0131z vas\u0131tas\u0131yla \u00e7erezlerin kullan\u0131m\u0131n\u0131 her zaman durdurabilirsiniz. Bu ayarlar\u0131n nas\u0131l de\u011fi\u015ftirilece\u011fini \u00f6\u011frenmek i\u00e7in l\u00fctfen taray\u0131c\u0131n\u0131z\u0131n yard\u0131m fonksiyonunu kullan\u0131n\u0131z. \u00c7erezlerin kullan\u0131m\u0131n\u0131 durdurdu\u011funuzda \u0130nternet Sitesi\u2019nin belirli \u00f6zelliklerinin \u00e7al\u0131\u015fmayabilece\u011fini l\u00fctfen unutmay\u0131n\u0131z.<\/p>\n\n\n\n<ol class=\"wp-block-list\" type=\"1\"><li>\u00dcye bu s\u00f6zle\u015fmeden do\u011fabilecek ihtilaflarda NTECH&#8217;in defter kay\u0131tlar\u0131n\u0131n, 6100 Say\u0131l\u0131 HMK 193. Madde anlam\u0131nda muteber, ba\u011flay\u0131c\u0131, kesin ve m\u00fcnhas\u0131r delil te\u015fkil edece\u011fini ve bu maddenin delil s\u00f6zle\u015fmesi niteli\u011finde oldu\u011funu beyan ve taahh\u00fct eder.<\/li><li>Bu s\u00f6zle\u015fmeyle ilgili olarak \u00e7\u0131kabilecek ihtilaflarda \u00f6ncelikle bu s\u00f6zle\u015fmedeki h\u00fck\u00fcmler, h\u00fck\u00fcm bulunmayan hallerde ise T\u00fcrk Kanunlar\u0131 (TBK, TTK, HMK, TMK ve 5651 Say\u0131l\u0131 Yasa vesair) uygulanacakt\u0131r.<\/li><li>NTECH, ileride do\u011facak teknik zaruretler ve mevzuata uyum amac\u0131yla bilgi alan \u015fah\u0131slara haber vermek zorunda olmadan i\u015fbu s\u00f6zle\u015fmenin uygulamas\u0131nda de\u011fi\u015fiklikler yapabilece\u011fi gibi mevcut maddelerini de\u011fi\u015ftirebilir, iptal edebilir veya yeni maddeler ilave edebilir.<\/li><\/ol>\n\n\n\n<ul class=\"wp-block-list\"><li>Kullan\u0131c\u0131 Kay\u0131t Formu&#8217;nu doldurup formun alt\u0131nda bulunan &#8220;Kabul Ediyorum&#8221; butonunu t\u0131klad\u0131\u011f\u0131nda bu s\u00f6zle\u015fme taraflar aras\u0131nda s\u00fcresiz olarak y\u00fcr\u00fcrl\u00fc\u011fe girer.<\/li><\/ul>\n\n\n\n<ol class=\"wp-block-list\" type=\"1\" start=\"5\"><li>Taraflar diledi\u011fi zaman bu s\u00f6zle\u015fmeyi sona erdirebilir.<\/li><\/ol>\n\n\n\n<p>Mersis No: 0632071569200001<\/p>","protected":false},"excerpt":{"rendered":"<p>NTECH SONDAJ TEKNOLOJ\u0130LER\u0130 SANAY\u0130 T\u0130CARET LTD \u015eT\u0130 G\u0130ZL\u0130L\u0130K S\u00d6ZLE\u015eMES\u0130 TARAFLAR \u0130\u015fbu S\u00f6zle\u015fmenin taraflar\u0131,K\u0131z\u0131l\u0131rmak mah Dumlup\u0131nar bulvar\u0131 Pasifik gayrimenkul3C-1 160 Cankaya\/Ankara adresinde mukim&nbsp;0627010058200012&nbsp;Mersis Numaral\u0131 NTECH SONDAJ TEKNOLOJ\u0130LER\u0130 SANAY\u0130 T\u0130CARET LTD&nbsp; \u015eT\u0130 ile bilgi alan ki\u015filer aras\u0131ndad\u0131r G\u0130ZL\u0130L\u0130K VE E- B\u00dcLTEN&nbsp;&nbsp; Ki\u015fisel verilerinizin korunmas\u0131 i\u00e7in Ki\u015fisel Verilerin Korunmas\u0131 Kanunu ve ilgili yasal mevzuat kapsam\u0131nda teknik ve idari [&hellip;]<\/p>\n","protected":false},"author":1,"featured_media":0,"parent":0,"menu_order":0,"comment_status":"closed","ping_status":"closed","template":"","meta":{"footnotes":""},"class_list":["post-1387","page","type-page","status-publish","hentry"],"_links":{"self":[{"href":"http:\/\/ntechdrilling.com\/en\/wp-json\/wp\/v2\/pages\/1387","targetHints":{"allow":["GET"]}}],"collection":[{"href":"http:\/\/ntechdrilling.com\/en\/wp-json\/wp\/v2\/pages"}],"about":[{"href":"http:\/\/ntechdrilling.com\/en\/wp-json\/wp\/v2\/types\/page"}],"author":[{"embeddable":true,"href":"http:\/\/ntechdrilling.com\/en\/wp-json\/wp\/v2\/users\/1"}],"replies":[{"embeddable":true,"href":"http:\/\/ntechdrilling.com\/en\/wp-json\/wp\/v2\/comments?post=1387"}],"version-history":[{"count":3,"href":"http:\/\/ntechdrilling.com\/en\/wp-json\/wp\/v2\/pages\/1387\/revisions"}],"predecessor-version":[{"id":1531,"href":"http:\/\/ntechdrilling.com\/en\/wp-json\/wp\/v2\/pages\/1387\/revisions\/1531"}],"wp:attachment":[{"href":"http:\/\/ntechdrilling.com\/en\/wp-json\/wp\/v2\/media?parent=1387"}],"curies":[{"name":"wp","href":"https:\/\/api.w.org\/{rel}","templated":true}]}}