{"id":2125,"date":"2024-05-06T08:49:19","date_gmt":"2024-05-06T08:49:19","guid":{"rendered":"https:\/\/ntechdrilling.com\/?page_id=2125"},"modified":"2024-05-06T08:49:43","modified_gmt":"2024-05-06T08:49:43","slug":"isg","status":"publish","type":"page","link":"https:\/\/ntechdrilling.com\/en\/isg\/","title":{"rendered":"ISG"},"content":{"rendered":"<div data-elementor-type=\"wp-page\" data-elementor-id=\"2125\" class=\"elementor elementor-2125\" data-elementor-settings=\"[]\">\n\t\t\t\t\t\t<div class=\"elementor-inner\">\n\t\t\t\t\t\t\t<div class=\"elementor-section-wrap\">\n\t\t\t\t\t\t\t<section class=\"elementor-section elementor-top-section elementor-element elementor-element-3e420bf elementor-section-boxed elementor-section-height-default elementor-section-height-default\" data-id=\"3e420bf\" data-element_type=\"section\">\n\t\t\t\t\t\t<div class=\"elementor-container elementor-column-gap-default\">\n\t\t\t\t\t\t\t<div class=\"elementor-row\">\n\t\t\t\t\t<div class=\"elementor-column elementor-col-100 elementor-top-column elementor-element elementor-element-e6fdbaa\" data-id=\"e6fdbaa\" data-element_type=\"column\">\n\t\t\t<div class=\"elementor-column-wrap elementor-element-populated\">\n\t\t\t\t\t\t\t<div class=\"elementor-widget-wrap\">\n\t\t\t\t\t\t<div class=\"elementor-element elementor-element-60681f7 elementor-widget elementor-widget-heading\" data-id=\"60681f7\" data-element_type=\"widget\" data-widget_type=\"heading.default\">\n\t\t\t\t<div class=\"elementor-widget-container\">\n\t\t\t<h2 class=\"elementor-heading-title elementor-size-default\">OUR QUALITY, ENVIRONMENT AND OHS POLICY<\/h2>\t\t<\/div>\n\t\t\t\t<\/div>\n\t\t\t\t\t\t<\/div>\n\t\t\t\t\t<\/div>\n\t\t<\/div>\n\t\t\t\t\t\t\t\t<\/div>\n\t\t\t\t\t<\/div>\n\t\t<\/section>\n\t\t\t\t<section class=\"elementor-section elementor-top-section elementor-element elementor-element-9a02710 elementor-section-boxed elementor-section-height-default elementor-section-height-default\" data-id=\"9a02710\" data-element_type=\"section\">\n\t\t\t\t\t\t<div class=\"elementor-container elementor-column-gap-default\">\n\t\t\t\t\t\t\t<div class=\"elementor-row\">\n\t\t\t\t\t<div class=\"elementor-column elementor-col-100 elementor-top-column elementor-element elementor-element-2662731\" data-id=\"2662731\" data-element_type=\"column\">\n\t\t\t<div class=\"elementor-column-wrap elementor-element-populated\">\n\t\t\t\t\t\t\t<div class=\"elementor-widget-wrap\">\n\t\t\t\t\t\t<div class=\"elementor-element elementor-element-833a227 elementor-widget elementor-widget-text-editor\" data-id=\"833a227\" data-element_type=\"widget\" data-widget_type=\"text-editor.default\">\n\t\t\t\t<div class=\"elementor-widget-container\">\n\t\t\t\t\t\t\t\t<div class=\"elementor-text-editor elementor-clearfix\">\n\t\t\t\t<p class=\"translation-block\">The sale, maintenance, repair, and technical support services for machinery used in mining, construction, oil, and natural gas fields;<br>reducing external dependency by undertaking domestic and national projects;<br> <br>Design, procurement, sales, and other processes; to carry out customer needs and expectations, national and<br>international conditions, quality, environmental, occupational health and safety standards within the framework;<br> <br>By effectively using training, notification and<br>feedback channels with our employees and stakeholders regarding developing situations; working in accordance with the requirements of the ISO 9001:2015 Quality, ISO 14001:2015 Environment<br>and ISO 45001:2018 Occupational Health and Safety Management Systems, engaging in continuous improvement and development activities; <br> <br>As NTECH SONDAJ TEKNOLOJ\u0130LER\u0130 SANAY\u0130 T\u0130CARET L\u0130M\u0130TED \u015e\u0130RKET\u0130,<br>we undertake to protect all information and documents obtained during all processes in accordance with the Personal Data Protection Law No. 6698 (\u201cKVKK\u201d). <br> <br> <br>      General Manager<br>Nihat C\u00dcNED\u0130O\u011eLU<\/p>\t\t\t\t\t<\/div>\n\t\t\t\t\t\t<\/div>\n\t\t\t\t<\/div>\n\t\t\t\t\t\t<\/div>\n\t\t\t\t\t<\/div>\n\t\t<\/div>\n\t\t\t\t\t\t\t\t<\/div>\n\t\t\t\t\t<\/div>\n\t\t<\/section>\n\t\t\t\t\t\t<\/div>\n\t\t\t\t\t\t<\/div>\n\t\t\t\t\t<\/div>","protected":false},"excerpt":{"rendered":"<p>KAL\u0130TE \u00c7EVRE \u0130SG POL\u0130T\u0130KAMIZ Madencilik, in\u015faat, petrol ve do\u011fal gaz sahalar\u0131nda kullan\u0131lan makinelerin sat\u0131\u015f\u0131,bak\u0131m ve onar\u0131m\u0131 ile teknik destek hizmetleri kapsam\u0131nda d\u0131\u015fa ba\u011f\u0131ml\u0131l\u0131\u011f\u0131 azaltanyerli ve milli i\u015fler yapmay\u0131;\u00a0Tasar\u0131m, tedarik, sat\u0131\u015f ve di\u011fer prosesleri; m\u00fc\u015fteri ihtiya\u00e7 ve beklentilerini, ulusal veuluslararas\u0131 \u015fartlar\u0131, kalite, \u00e7evre, i\u015f sa\u011fl\u0131\u011f\u0131 ve g\u00fcvenli\u011fi standartlar\u0131 \u00e7er\u00e7evesindey\u00fcr\u00fctmeyi;\u00a0\u00c7al\u0131\u015fanlar\u0131m\u0131z ve payda\u015flar\u0131m\u0131zla geli\u015fen durumlarla ilgili e\u011fitim, bildirim [&hellip;]<\/p>\n","protected":false},"author":1,"featured_media":0,"parent":0,"menu_order":0,"comment_status":"closed","ping_status":"closed","template":"","meta":{"footnotes":""},"class_list":["post-2125","page","type-page","status-publish","hentry"],"_links":{"self":[{"href":"https:\/\/ntechdrilling.com\/en\/wp-json\/wp\/v2\/pages\/2125","targetHints":{"allow":["GET"]}}],"collection":[{"href":"https:\/\/ntechdrilling.com\/en\/wp-json\/wp\/v2\/pages"}],"about":[{"href":"https:\/\/ntechdrilling.com\/en\/wp-json\/wp\/v2\/types\/page"}],"author":[{"embeddable":true,"href":"https:\/\/ntechdrilling.com\/en\/wp-json\/wp\/v2\/users\/1"}],"replies":[{"embeddable":true,"href":"https:\/\/ntechdrilling.com\/en\/wp-json\/wp\/v2\/comments?post=2125"}],"version-history":[{"count":4,"href":"https:\/\/ntechdrilling.com\/en\/wp-json\/wp\/v2\/pages\/2125\/revisions"}],"predecessor-version":[{"id":2129,"href":"https:\/\/ntechdrilling.com\/en\/wp-json\/wp\/v2\/pages\/2125\/revisions\/2129"}],"wp:attachment":[{"href":"https:\/\/ntechdrilling.com\/en\/wp-json\/wp\/v2\/media?parent=2125"}],"curies":[{"name":"wp","href":"https:\/\/api.w.org\/{rel}","templated":true}]}}