{"id":271,"date":"2018-08-22T17:32:07","date_gmt":"2018-08-22T17:32:07","guid":{"rendered":"https:\/\/demo-tradesmen.progressionstudios.com\/?page_id=271"},"modified":"2021-03-12T11:33:43","modified_gmt":"2021-03-12T11:33:43","slug":"ne-yapiyoruz","status":"publish","type":"page","link":"https:\/\/ntechdrilling.com\/en\/ne-yapiyoruz\/","title":{"rendered":"What We Do"},"content":{"rendered":"<div data-elementor-type=\"wp-post\" data-elementor-id=\"271\" class=\"elementor elementor-271\" data-elementor-settings=\"[]\">\n\t\t\t\t\t\t<div class=\"elementor-inner\">\n\t\t\t\t\t\t\t<div class=\"elementor-section-wrap\">\n\t\t\t\t\t\t\t<section class=\"elementor-section elementor-top-section elementor-element elementor-element-df0033c elementor-section-boxed elementor-section-height-default elementor-section-height-default\" data-id=\"df0033c\" data-element_type=\"section\">\n\t\t\t\t\t\t<div class=\"elementor-container elementor-column-gap-default\">\n\t\t\t\t\t\t\t<div class=\"elementor-row\">\n\t\t\t\t\t<div class=\"elementor-column elementor-col-66 elementor-top-column elementor-element elementor-element-4c75373\" data-id=\"4c75373\" data-element_type=\"column\">\n\t\t\t<div class=\"elementor-column-wrap elementor-element-populated\">\n\t\t\t\t\t\t\t<div class=\"elementor-widget-wrap\">\n\t\t\t\t\t\t<div class=\"elementor-element elementor-element-736e117 elementor-widget elementor-widget-image\" data-id=\"736e117\" data-element_type=\"widget\" data-widget_type=\"image.default\">\n\t\t\t\t<div class=\"elementor-widget-container\">\n\t\t\t\t\t\t\t\t<div class=\"elementor-image\">\n\t\t\t\t\t\t\t\t\t\t\t\t<img loading=\"lazy\" decoding=\"async\" width=\"900\" height=\"242\" src=\"https:\/\/ntechdrilling.com\/wp-content\/uploads\/2020\/11\/1-1.jpg\" class=\"attachment-full size-full\" alt=\"\" srcset=\"https:\/\/ntechdrilling.com\/wp-content\/uploads\/2020\/11\/1-1.jpg 900w, https:\/\/ntechdrilling.com\/wp-content\/uploads\/2020\/11\/1-1-300x81.jpg 300w, https:\/\/ntechdrilling.com\/wp-content\/uploads\/2020\/11\/1-1-768x207.jpg 768w\" sizes=\"auto, (max-width: 900px) 100vw, 900px\" \/>\t\t\t\t\t\t\t\t\t\t\t\t\t\t<\/div>\n\t\t\t\t\t\t<\/div>\n\t\t\t\t<\/div>\n\t\t\t\t\t\t<\/div>\n\t\t\t\t\t<\/div>\n\t\t<\/div>\n\t\t\t\t<div class=\"elementor-column elementor-col-33 elementor-top-column elementor-element elementor-element-9e5ecd7\" data-id=\"9e5ecd7\" data-element_type=\"column\">\n\t\t\t<div class=\"elementor-column-wrap elementor-element-populated\">\n\t\t\t\t\t\t\t<div class=\"elementor-widget-wrap\">\n\t\t\t\t\t\t<div class=\"elementor-element elementor-element-a1456bd elementor-widget elementor-widget-spacer\" data-id=\"a1456bd\" data-element_type=\"widget\" data-widget_type=\"spacer.default\">\n\t\t\t\t<div class=\"elementor-widget-container\">\n\t\t\t\t\t<div class=\"elementor-spacer\">\n\t\t\t<div class=\"elementor-spacer-inner\"><\/div>\n\t\t<\/div>\n\t\t\t\t<\/div>\n\t\t\t\t<\/div>\n\t\t\t\t<div class=\"elementor-element elementor-element-391d821 elementor-widget elementor-widget-text-editor\" data-id=\"391d821\" data-element_type=\"widget\" data-widget_type=\"text-editor.default\">\n\t\t\t\t<div class=\"elementor-widget-container\">\n\t\t\t\t\t\t\t\t<div class=\"elementor-text-editor elementor-clearfix\">\n\t\t\t\t<p><b>Marine Production and Drilling Technologies<br \/><\/b>Marine Development Systems<br \/>Marine Wellheads and Equipment<\/p>\t\t\t\t\t<\/div>\n\t\t\t\t\t\t<\/div>\n\t\t\t\t<\/div>\n\t\t\t\t\t\t<\/div>\n\t\t\t\t\t<\/div>\n\t\t<\/div>\n\t\t\t\t\t\t\t\t<\/div>\n\t\t\t\t\t<\/div>\n\t\t<\/section>\n\t\t\t\t<section class=\"elementor-section elementor-top-section elementor-element elementor-element-911864c elementor-section-boxed elementor-section-height-default elementor-section-height-default\" data-id=\"911864c\" data-element_type=\"section\">\n\t\t\t\t\t\t<div class=\"elementor-container elementor-column-gap-default\">\n\t\t\t\t\t\t\t<div class=\"elementor-row\">\n\t\t\t\t\t<div class=\"elementor-column elementor-col-33 elementor-top-column elementor-element elementor-element-c666479\" data-id=\"c666479\" data-element_type=\"column\">\n\t\t\t<div class=\"elementor-column-wrap elementor-element-populated\">\n\t\t\t\t\t\t\t<div class=\"elementor-widget-wrap\">\n\t\t\t\t\t\t<div class=\"elementor-element elementor-element-631cb63 elementor-position-top elementor-vertical-align-top elementor-widget elementor-widget-image-box\" data-id=\"631cb63\" data-element_type=\"widget\" data-widget_type=\"image-box.default\">\n\t\t\t\t<div class=\"elementor-widget-container\">\n\t\t\t<div class=\"elementor-image-box-wrapper\"><figure class=\"elementor-image-box-img\"><img loading=\"lazy\" decoding=\"async\" width=\"874\" height=\"784\" src=\"https:\/\/ntechdrilling.com\/wp-content\/uploads\/2020\/11\/son2.png\" class=\"attachment-full size-full\" alt=\"\" \/><\/figure><div class=\"elementor-image-box-content\"><h3 class=\"elementor-image-box-title\">Drilling Technologies<\/h3><p class=\"elementor-image-box-description\">Equipment and Services<\/p><\/div><\/div>\t\t<\/div>\n\t\t\t\t<\/div>\n\t\t\t\t\t\t<\/div>\n\t\t\t\t\t<\/div>\n\t\t<\/div>\n\t\t\t\t<div class=\"elementor-column elementor-col-33 elementor-top-column elementor-element elementor-element-8bee32e\" data-id=\"8bee32e\" data-element_type=\"column\">\n\t\t\t<div class=\"elementor-column-wrap elementor-element-populated\">\n\t\t\t\t\t\t\t<div class=\"elementor-widget-wrap\">\n\t\t\t\t\t\t<div class=\"elementor-element elementor-element-56f9e40 elementor-position-top elementor-vertical-align-top elementor-widget elementor-widget-image-box\" data-id=\"56f9e40\" data-element_type=\"widget\" data-widget_type=\"image-box.default\">\n\t\t\t\t<div class=\"elementor-widget-container\">\n\t\t\t<div class=\"elementor-image-box-wrapper\"><figure class=\"elementor-image-box-img\"><img loading=\"lazy\" decoding=\"async\" width=\"874\" height=\"784\" src=\"https:\/\/ntechdrilling.com\/wp-content\/uploads\/2020\/11\/son.png\" class=\"attachment-full size-full\" alt=\"\" \/><\/figure><div class=\"elementor-image-box-content\"><h3 class=\"elementor-image-box-title\">Drilling and Well Completion<\/h3><p class=\"elementor-image-box-description\">Liquids and Solutions<\/p><\/div><\/div>\t\t<\/div>\n\t\t\t\t<\/div>\n\t\t\t\t\t\t<\/div>\n\t\t\t\t\t<\/div>\n\t\t<\/div>\n\t\t\t\t<div class=\"elementor-column elementor-col-33 elementor-top-column elementor-element elementor-element-3d5698d\" data-id=\"3d5698d\" data-element_type=\"column\">\n\t\t\t<div class=\"elementor-column-wrap elementor-element-populated\">\n\t\t\t\t\t\t\t<div class=\"elementor-widget-wrap\">\n\t\t\t\t\t\t<div class=\"elementor-element elementor-element-8d9f658 elementor-position-top elementor-vertical-align-top elementor-widget elementor-widget-image-box\" data-id=\"8d9f658\" data-element_type=\"widget\" data-widget_type=\"image-box.default\">\n\t\t\t\t<div class=\"elementor-widget-container\">\n\t\t\t<div class=\"elementor-image-box-wrapper\"><figure class=\"elementor-image-box-img\"><img loading=\"lazy\" decoding=\"async\" width=\"874\" height=\"784\" src=\"https:\/\/ntechdrilling.com\/wp-content\/uploads\/2020\/11\/son3.png\" class=\"attachment-full size-full\" alt=\"\" \/><\/figure><div class=\"elementor-image-box-content\"><h3 class=\"elementor-image-box-title\">Well Completion Technologies<\/h3><p class=\"elementor-image-box-description\">Equipment and Services<\/p><\/div><\/div>\t\t<\/div>\n\t\t\t\t<\/div>\n\t\t\t\t\t\t<\/div>\n\t\t\t\t\t<\/div>\n\t\t<\/div>\n\t\t\t\t\t\t\t\t<\/div>\n\t\t\t\t\t<\/div>\n\t\t<\/section>\n\t\t\t\t<section class=\"elementor-section elementor-top-section elementor-element elementor-element-4621a66 elementor-section-boxed elementor-section-height-default elementor-section-height-default\" data-id=\"4621a66\" data-element_type=\"section\">\n\t\t\t\t\t\t<div class=\"elementor-container elementor-column-gap-default\">\n\t\t\t\t\t\t\t<div class=\"elementor-row\">\n\t\t\t\t\t<div class=\"elementor-column elementor-col-33 elementor-top-column elementor-element elementor-element-2a674d7\" data-id=\"2a674d7\" data-element_type=\"column\">\n\t\t\t<div class=\"elementor-column-wrap elementor-element-populated\">\n\t\t\t\t\t\t\t<div class=\"elementor-widget-wrap\">\n\t\t\t\t\t\t<div class=\"elementor-element elementor-element-120e3d1 elementor-position-top elementor-vertical-align-top elementor-widget elementor-widget-image-box\" data-id=\"120e3d1\" data-element_type=\"widget\" data-widget_type=\"image-box.default\">\n\t\t\t\t<div class=\"elementor-widget-container\">\n\t\t\t<div class=\"elementor-image-box-wrapper\"><figure class=\"elementor-image-box-img\"><img loading=\"lazy\" decoding=\"async\" width=\"874\" height=\"784\" src=\"https:\/\/ntechdrilling.com\/wp-content\/uploads\/2020\/11\/son5.png\" class=\"attachment-full size-full\" alt=\"\" \/><\/figure><div class=\"elementor-image-box-content\"><h3 class=\"elementor-image-box-title\">Training and Development<\/h3><\/div><\/div>\t\t<\/div>\n\t\t\t\t<\/div>\n\t\t\t\t\t\t<\/div>\n\t\t\t\t\t<\/div>\n\t\t<\/div>\n\t\t\t\t<div class=\"elementor-column elementor-col-33 elementor-top-column elementor-element elementor-element-4fd2c0c\" data-id=\"4fd2c0c\" data-element_type=\"column\">\n\t\t\t<div class=\"elementor-column-wrap elementor-element-populated\">\n\t\t\t\t\t\t\t<div class=\"elementor-widget-wrap\">\n\t\t\t\t\t\t<div class=\"elementor-element elementor-element-0c60beb elementor-position-top elementor-vertical-align-top elementor-widget elementor-widget-image-box\" data-id=\"0c60beb\" data-element_type=\"widget\" data-widget_type=\"image-box.default\">\n\t\t\t\t<div class=\"elementor-widget-container\">\n\t\t\t<div class=\"elementor-image-box-wrapper\"><figure class=\"elementor-image-box-img\"><img decoding=\"async\" src=\"https:\/\/ntechdrilling.com\/wp-content\/uploads\/elementor\/thumbs\/project-oyjkakg7hlsubssd2t5dj5d2h6c6eqntsoo59esu4c.png\" title=\"project\" alt=\"project\" \/><\/figure><div class=\"elementor-image-box-content\"><h3 class=\"elementor-image-box-title\">Project Management<\/h3><\/div><\/div>\t\t<\/div>\n\t\t\t\t<\/div>\n\t\t\t\t\t\t<\/div>\n\t\t\t\t\t<\/div>\n\t\t<\/div>\n\t\t\t\t<div class=\"elementor-column elementor-col-33 elementor-top-column elementor-element elementor-element-bba515b\" data-id=\"bba515b\" data-element_type=\"column\">\n\t\t\t<div class=\"elementor-column-wrap elementor-element-populated\">\n\t\t\t\t\t\t\t<div class=\"elementor-widget-wrap\">\n\t\t\t\t\t\t<div class=\"elementor-element elementor-element-5e95258 elementor-position-top elementor-vertical-align-top elementor-widget elementor-widget-image-box\" data-id=\"5e95258\" data-element_type=\"widget\" data-widget_type=\"image-box.default\">\n\t\t\t\t<div class=\"elementor-widget-container\">\n\t\t\t<div class=\"elementor-image-box-wrapper\"><figure class=\"elementor-image-box-img\"><img loading=\"lazy\" decoding=\"async\" width=\"874\" height=\"784\" src=\"https:\/\/ntechdrilling.com\/wp-content\/uploads\/2020\/11\/son7.png\" class=\"attachment-full size-full\" alt=\"\" \/><\/figure><div class=\"elementor-image-box-content\"><h3 class=\"elementor-image-box-title\">Recruitment and Human Resource Provision<\/h3><\/div><\/div>\t\t<\/div>\n\t\t\t\t<\/div>\n\t\t\t\t\t\t<\/div>\n\t\t\t\t\t<\/div>\n\t\t<\/div>\n\t\t\t\t\t\t\t\t<\/div>\n\t\t\t\t\t<\/div>\n\t\t<\/section>\n\t\t\t\t<section class=\"elementor-section elementor-top-section elementor-element elementor-element-ef1d753 elementor-section-boxed elementor-section-height-default elementor-section-height-default\" data-id=\"ef1d753\" data-element_type=\"section\">\n\t\t\t\t\t\t<div class=\"elementor-container elementor-column-gap-default\">\n\t\t\t\t\t\t\t<div class=\"elementor-row\">\n\t\t\t\t\t<div class=\"elementor-column elementor-col-33 elementor-top-column elementor-element elementor-element-7745daa\" data-id=\"7745daa\" data-element_type=\"column\">\n\t\t\t<div class=\"elementor-column-wrap elementor-element-populated\">\n\t\t\t\t\t\t\t<div class=\"elementor-widget-wrap\">\n\t\t\t\t\t\t<div class=\"elementor-element elementor-element-1bae8b2 elementor-position-top elementor-vertical-align-top elementor-widget elementor-widget-image-box\" data-id=\"1bae8b2\" data-element_type=\"widget\" data-widget_type=\"image-box.default\">\n\t\t\t\t<div class=\"elementor-widget-container\">\n\t\t\t<div class=\"elementor-image-box-wrapper\"><figure class=\"elementor-image-box-img\"><img loading=\"lazy\" decoding=\"async\" width=\"874\" height=\"784\" src=\"https:\/\/ntechdrilling.com\/wp-content\/uploads\/2020\/11\/son8.png\" class=\"attachment-full size-full\" alt=\"\" \/><\/figure><div class=\"elementor-image-box-content\"><h3 class=\"elementor-image-box-title\">Operational Excellence<\/h3><\/div><\/div>\t\t<\/div>\n\t\t\t\t<\/div>\n\t\t\t\t\t\t<\/div>\n\t\t\t\t\t<\/div>\n\t\t<\/div>\n\t\t\t\t<div class=\"elementor-column elementor-col-33 elementor-top-column elementor-element elementor-element-e0cc82f\" data-id=\"e0cc82f\" data-element_type=\"column\">\n\t\t\t<div class=\"elementor-column-wrap elementor-element-populated\">\n\t\t\t\t\t\t\t<div class=\"elementor-widget-wrap\">\n\t\t\t\t\t\t<div class=\"elementor-element elementor-element-190394c elementor-position-top elementor-vertical-align-top elementor-widget elementor-widget-image-box\" data-id=\"190394c\" data-element_type=\"widget\" data-widget_type=\"image-box.default\">\n\t\t\t\t<div class=\"elementor-widget-container\">\n\t\t\t<div class=\"elementor-image-box-wrapper\"><figure class=\"elementor-image-box-img\"><img loading=\"lazy\" decoding=\"async\" width=\"874\" height=\"784\" src=\"https:\/\/ntechdrilling.com\/wp-content\/uploads\/2020\/11\/son9.png\" class=\"attachment-full size-full\" alt=\"\" \/><\/figure><div class=\"elementor-image-box-content\"><h3 class=\"elementor-image-box-title\">In-Country Value (ICV) Programme<\/h3><\/div><\/div>\t\t<\/div>\n\t\t\t\t<\/div>\n\t\t\t\t\t\t<\/div>\n\t\t\t\t\t<\/div>\n\t\t<\/div>\n\t\t\t\t<div class=\"elementor-column elementor-col-33 elementor-top-column elementor-element elementor-element-6b322df\" data-id=\"6b322df\" data-element_type=\"column\">\n\t\t\t<div class=\"elementor-column-wrap elementor-element-populated\">\n\t\t\t\t\t\t\t<div class=\"elementor-widget-wrap\">\n\t\t\t\t\t\t<div class=\"elementor-element elementor-element-d78f595 elementor-position-top elementor-vertical-align-top elementor-widget elementor-widget-image-box\" data-id=\"d78f595\" data-element_type=\"widget\" data-widget_type=\"image-box.default\">\n\t\t\t\t<div class=\"elementor-widget-container\">\n\t\t\t<div class=\"elementor-image-box-wrapper\"><figure class=\"elementor-image-box-img\"><img decoding=\"async\" src=\"https:\/\/ntechdrilling.com\/wp-content\/uploads\/elementor\/thumbs\/285c3a265422e671b4a8120e968f7f77-oyjkfkx7xsnw8xi7sz5qtvtkj5mngmkahhxdejd8xo.png\" title=\"285c3a265422e671b4a8120e968f7f77\" alt=\"285c3a265422e671b4a8120e968f7f77\" \/><\/figure><div class=\"elementor-image-box-content\"><h3 class=\"elementor-image-box-title\">And Our Customised Solutions for You<\/h3><\/div><\/div>\t\t<\/div>\n\t\t\t\t<\/div>\n\t\t\t\t\t\t<\/div>\n\t\t\t\t\t<\/div>\n\t\t<\/div>\n\t\t\t\t\t\t\t\t<\/div>\n\t\t\t\t\t<\/div>\n\t\t<\/section>\n\t\t\t\t\t\t<\/div>\n\t\t\t\t\t\t<\/div>\n\t\t\t\t\t<\/div>","protected":false},"excerpt":{"rendered":"<p>Deniz \u00dcretim ve Sondaj Teknolojileri Deniz Geli\u015ftirme Sistemleri Deniz Kuyuba\u015f\u0131 ve Ekipmanlar\u0131 Sondaj Teknolojileri Ekipman ve Hizmetler Sondaj ve Kuyu Tamamlama S\u0131v\u0131lar\u0131 ve \u00c7\u00f6z\u00fcmleri Kuyu Tamamlama Teknolojileri Ekipman ve Hizmetler E\u011fitim ve Geli\u015ftirme Proje Y\u00f6netimi \u0130\u015fe Al\u0131m ve \u0130nsan G\u00fcc\u00fc Sa\u011flama Operasyonel M\u00fckemmeliyet \u00dclke \u0130\u00e7i De\u011fer (ICV) Program\u0131 Ve Size \u00d6zel \u00c7\u00f6z\u00fcmlerimiz<\/p>","protected":false},"author":1,"featured_media":0,"parent":0,"menu_order":0,"comment_status":"closed","ping_status":"closed","template":"","meta":{"footnotes":""},"class_list":["post-271","page","type-page","status-publish","hentry"],"_links":{"self":[{"href":"https:\/\/ntechdrilling.com\/en\/wp-json\/wp\/v2\/pages\/271","targetHints":{"allow":["GET"]}}],"collection":[{"href":"https:\/\/ntechdrilling.com\/en\/wp-json\/wp\/v2\/pages"}],"about":[{"href":"https:\/\/ntechdrilling.com\/en\/wp-json\/wp\/v2\/types\/page"}],"author":[{"embeddable":true,"href":"https:\/\/ntechdrilling.com\/en\/wp-json\/wp\/v2\/users\/1"}],"replies":[{"embeddable":true,"href":"https:\/\/ntechdrilling.com\/en\/wp-json\/wp\/v2\/comments?post=271"}],"version-history":[{"count":60,"href":"https:\/\/ntechdrilling.com\/en\/wp-json\/wp\/v2\/pages\/271\/revisions"}],"predecessor-version":[{"id":1914,"href":"https:\/\/ntechdrilling.com\/en\/wp-json\/wp\/v2\/pages\/271\/revisions\/1914"}],"wp:attachment":[{"href":"https:\/\/ntechdrilling.com\/en\/wp-json\/wp\/v2\/media?parent=271"}],"curies":[{"name":"wp","href":"https:\/\/api.w.org\/{rel}","templated":true}]}}