{"id":278,"date":"2018-08-22T17:36:30","date_gmt":"2018-08-22T17:36:30","guid":{"rendered":"https:\/\/demo-tradesmen.progressionstudios.com\/?page_id=278"},"modified":"2021-09-17T14:10:46","modified_gmt":"2021-09-17T14:10:46","slug":"iletisim","status":"publish","type":"page","link":"https:\/\/ntechdrilling.com\/en\/iletisim\/","title":{"rendered":"Contact"},"content":{"rendered":"<div data-elementor-type=\"wp-post\" data-elementor-id=\"278\" class=\"elementor elementor-278\" data-elementor-settings=\"[]\">\n\t\t\t\t\t\t<div class=\"elementor-inner\">\n\t\t\t\t\t\t\t<div class=\"elementor-section-wrap\">\n\t\t\t\t\t\t\t<section class=\"elementor-section elementor-top-section elementor-element elementor-element-122df73 elementor-section-stretched elementor-section-boxed elementor-section-height-default elementor-section-height-default\" data-id=\"122df73\" data-element_type=\"section\" data-settings=\"{&quot;stretch_section&quot;:&quot;section-stretched&quot;,&quot;background_background&quot;:&quot;classic&quot;}\">\n\t\t\t\t\t\t\t<div class=\"elementor-background-overlay\"><\/div>\n\t\t\t\t\t\t\t<div class=\"elementor-container elementor-column-gap-default\">\n\t\t\t\t\t\t\t<div class=\"elementor-row\">\n\t\t\t\t\t<div class=\"elementor-column elementor-col-33 elementor-top-column elementor-element elementor-element-6f8e3d7\" data-id=\"6f8e3d7\" data-element_type=\"column\" data-settings=\"{&quot;background_background&quot;:&quot;classic&quot;}\">\n\t\t\t<div class=\"elementor-column-wrap elementor-element-populated\">\n\t\t\t\t\t<div class=\"elementor-background-overlay\"><\/div>\n\t\t\t\t\t\t\t<div class=\"elementor-widget-wrap\">\n\t\t\t\t\t\t<div class=\"elementor-element elementor-element-9542e0e elementor-widget elementor-widget-heading\" data-id=\"9542e0e\" data-element_type=\"widget\" data-widget_type=\"heading.default\">\n\t\t\t\t<div class=\"elementor-widget-container\">\n\t\t\t<h1 class=\"elementor-heading-title elementor-size-small\">Bize ula\u015fIN<\/h1>\t\t<\/div>\n\t\t\t\t<\/div>\n\t\t\t\t<div class=\"elementor-element elementor-element-8bee71a elementor-widget-divider--view-line elementor-widget elementor-widget-divider\" data-id=\"8bee71a\" data-element_type=\"widget\" data-widget_type=\"divider.default\">\n\t\t\t\t<div class=\"elementor-widget-container\">\n\t\t\t\t\t<div class=\"elementor-divider\">\n\t\t\t<span class=\"elementor-divider-separator\">\n\t\t\t\t\t\t<\/span>\n\t\t<\/div>\n\t\t\t\t<\/div>\n\t\t\t\t<\/div>\n\t\t\t\t<div class=\"elementor-element elementor-element-024c6da elementor-widget elementor-widget-text-editor\" data-id=\"024c6da\" data-element_type=\"widget\" data-widget_type=\"text-editor.default\">\n\t\t\t\t<div class=\"elementor-widget-container\">\n\t\t\t\t\t\t\t\t<div class=\"elementor-text-editor elementor-clearfix\">\n\t\t\t\t<p>Bize ula\u015fmak i\u00e7in e-posta adresimizi kullanabilir veya a\u015fa\u011f\u0131daki ileti\u015fim formunu kullanabilirsiniz.<\/p>\t\t\t\t\t<\/div>\n\t\t\t\t\t\t<\/div>\n\t\t\t\t<\/div>\n\t\t\t\t<div class=\"elementor-element elementor-element-91509e2 elementor-widget elementor-widget-boosted-elements-contact-form\" data-id=\"91509e2\" data-element_type=\"widget\" data-widget_type=\"boosted-elements-contact-form.default\">\n\t\t\t\t<div class=\"elementor-widget-container\">\n\t\t\t\t\n\t\n\t\t\t<div class=\"boosted-elements-progression-contact-form-container\">\t\t\n\t\t\t<div role=\"form\" class=\"wpcf7\" id=\"wpcf7-f559-o1\" lang=\"en-US\" dir=\"ltr\">\n<div class=\"screen-reader-response\"><p role=\"status\" aria-live=\"polite\" aria-atomic=\"true\"><\/p> <ul><\/ul><\/div>\n<form action=\"\/en\/wp-json\/wp\/v2\/pages\/278#wpcf7-f559-o1\" method=\"post\" class=\"wpcf7-form init\" novalidate=\"novalidate\" data-status=\"init\" data-trp-original-action=\"\/en\/wp-json\/wp\/v2\/pages\/278#wpcf7-f559-o1\">\n<div style=\"display: none;\">\n<input type=\"hidden\" name=\"_wpcf7\" value=\"559\" \/>\n<input type=\"hidden\" name=\"_wpcf7_version\" value=\"5.5.6.1\" \/>\n<input type=\"hidden\" name=\"_wpcf7_locale\" value=\"en_US\" \/>\n<input type=\"hidden\" name=\"_wpcf7_unit_tag\" value=\"wpcf7-f559-o1\" \/>\n<input type=\"hidden\" name=\"_wpcf7_container_post\" value=\"0\" \/>\n<input type=\"hidden\" name=\"_wpcf7_posted_data_hash\" value=\"\" \/>\n<\/div>\n<p><span class=\"wpcf7-form-control-wrap your-name\"><input type=\"text\" name=\"your-name\" value=\"\" size=\"40\" class=\"wpcf7-form-control wpcf7-text wpcf7-validates-as-required\" aria-required=\"true\" aria-invalid=\"false\" placeholder=\"Name-Surname\" \/><\/span><br \/>\n<span class=\"wpcf7-form-control-wrap your-email\"><input type=\"email\" name=\"your-email\" value=\"\" size=\"40\" class=\"wpcf7-form-control wpcf7-text wpcf7-email wpcf7-validates-as-required wpcf7-validates-as-email\" aria-required=\"true\" aria-invalid=\"false\" placeholder=\"E-Mail\" \/><\/span><br \/>\n<span class=\"wpcf7-form-control-wrap telefon\"><input type=\"tel\" name=\"telefon\" value=\"\" size=\"40\" class=\"wpcf7-form-control wpcf7-text wpcf7-tel wpcf7-validates-as-required wpcf7-validates-as-tel\" aria-required=\"true\" aria-invalid=\"false\" placeholder=\"Phone\" \/><\/span><br \/>\n<span class=\"wpcf7-form-control-wrap your-work\"><input type=\"text\" name=\"your-work\" value=\"\" size=\"40\" class=\"wpcf7-form-control wpcf7-text wpcf7-validates-as-required\" aria-required=\"true\" aria-invalid=\"false\" placeholder=\"Your company\" \/><\/span><br \/>\n<span class=\"wpcf7-form-control-wrap your-job\"><input type=\"text\" name=\"your-job\" value=\"\" size=\"40\" class=\"wpcf7-form-control wpcf7-text wpcf7-validates-as-required\" aria-required=\"true\" aria-invalid=\"false\" placeholder=\"Your position\" \/><\/span><br \/>\n<label>What is the purpose of your contact with us?<\/label><br \/>\n<span class=\"wpcf7-form-control-wrap acilirmenu\"><select name=\"acilirmenu\" class=\"wpcf7-form-control wpcf7-select wpcf7-validates-as-required\" aria-required=\"true\" aria-invalid=\"false\"><option value=\"\u00dcr\u00fcn ve\/veya Hizmet Al\u0131c\u0131s\u0131y\u0131m.\">I am a Product and\/or Service Recipient.<\/option><option value=\"\u00dcr\u00fcn ve\/veya Hizmet Sat\u0131c\u0131s\u0131y\u0131m.\">I am a Product and\/or Service Seller.<\/option><option value=\"Di\u011fer.\">Di\u011fer.<\/option><\/select><\/span><br \/>\n<span class=\"wpcf7-form-control-wrap talep\"><textarea name=\"talep\" cols=\"40\" rows=\"10\" class=\"wpcf7-form-control wpcf7-textarea wpcf7-validates-as-required\" aria-required=\"true\" aria-invalid=\"false\" placeholder=\"Please elaborate on your request.\"><\/textarea><\/span><\/p>\n<p><span class=\"wpcf7-form-control-wrap mailyoluylailetisim\"><span class=\"wpcf7-form-control wpcf7-checkbox wpcf7-validates-as-required\"><span class=\"wpcf7-list-item first last\"><input type=\"checkbox\" name=\"mailyoluylailetisim[]\" value=\"Benimle e-posta ve telefon yoluyla ileti\u015fime ge\u00e7menize izin veriyorum.\" \/><span class=\"wpcf7-list-item-label\">Benimle e-posta ve telefon yoluyla ileti\u015fime ge\u00e7menize izin veriyorum.<\/span><\/span><\/span><\/span><\/p>\n<p><span class=\"wpcf7-form-control-wrap acceptance-178\"><span class=\"wpcf7-form-control wpcf7-acceptance\"><span class=\"wpcf7-list-item\"><label><input type=\"checkbox\" name=\"acceptance-178\" value=\"1\" aria-invalid=\"false\" class=\"kvkk\" id=\"kvkk\" \/><span class=\"wpcf7-list-item-label\">I have read and accept the Privacy Policy.<\/span><\/label><\/span><\/span><\/span><\/p>\n<p><input type=\"submit\" value=\"SEND\" class=\"wpcf7-form-control has-spinner wpcf7-submit\" \/><\/p>\n<p style=\"display: none !important;\"><label>&#916;<textarea name=\"_wpcf7_ak_hp_textarea\" cols=\"45\" rows=\"8\" maxlength=\"100\"><\/textarea><\/label><input type=\"hidden\" id=\"ak_js_1\" name=\"_wpcf7_ak_js\" value=\"198\"\/><script>document.getElementById( \"ak_js_1\" ).setAttribute( \"value\", ( new Date() ).getTime() );<\/script><\/p><div class=\"wpcf7-response-output\" aria-hidden=\"true\"><\/div><input type=\"hidden\" name=\"trp-form-language\" value=\"en\"\/><\/form><\/div>\t\t<\/div><!-- close .boosted-elements-progression-contact-form-container -->\n\t\t\n\t\t\t<\/div>\n\t\t\t\t<\/div>\n\t\t\t\t<div class=\"elementor-element elementor-element-2b6eaef elementor-button-success elementor-widget elementor-widget-button\" data-id=\"2b6eaef\" data-element_type=\"widget\" data-widget_type=\"button.default\">\n\t\t\t\t<div class=\"elementor-widget-container\">\n\t\t\t\t\t<div class=\"elementor-button-wrapper\">\n\t\t\t<a href=\"http:\/\/ntechdrilling.com\/en\/gizlilik-sozlesmemiz\/\" class=\"elementor-button-link elementor-button elementor-size-sm\" role=\"button\">\n\t\t\t\t\t\t<span class=\"elementor-button-content-wrapper\">\n\t\t\t\t\t\t<span class=\"elementor-button-text\">Please click here to read our privacy policy.<\/span>\n\t\t<\/span>\n\t\t\t\t\t<\/a>\n\t\t<\/div>\n\t\t\t\t<\/div>\n\t\t\t\t<\/div>\n\t\t\t\t\t\t<\/div>\n\t\t\t\t\t<\/div>\n\t\t<\/div>\n\t\t\t\t<div class=\"elementor-column elementor-col-33 elementor-top-column elementor-element elementor-element-23cc5db\" data-id=\"23cc5db\" data-element_type=\"column\">\n\t\t\t<div class=\"elementor-column-wrap\">\n\t\t\t\t\t\t\t<div class=\"elementor-widget-wrap\">\n\t\t\t\t\t\t\t\t<\/div>\n\t\t\t\t\t<\/div>\n\t\t<\/div>\n\t\t\t\t<div class=\"elementor-column elementor-col-33 elementor-top-column elementor-element elementor-element-f04a66a\" data-id=\"f04a66a\" data-element_type=\"column\" data-settings=\"{&quot;background_background&quot;:&quot;classic&quot;}\">\n\t\t\t<div class=\"elementor-column-wrap elementor-element-populated\">\n\t\t\t\t\t<div class=\"elementor-background-overlay\"><\/div>\n\t\t\t\t\t\t\t<div class=\"elementor-widget-wrap\">\n\t\t\t\t\t\t<section class=\"elementor-section elementor-inner-section elementor-element elementor-element-c7342ff elementor-section-boxed elementor-section-height-default elementor-section-height-default\" data-id=\"c7342ff\" data-element_type=\"section\">\n\t\t\t\t\t\t<div class=\"elementor-container elementor-column-gap-no\">\n\t\t\t\t\t\t\t<div class=\"elementor-row\">\n\t\t\t\t\t<div class=\"elementor-column elementor-col-100 elementor-inner-column elementor-element elementor-element-0b1cf71\" data-id=\"0b1cf71\" data-element_type=\"column\">\n\t\t\t<div class=\"elementor-column-wrap elementor-element-populated\">\n\t\t\t\t\t\t\t<div class=\"elementor-widget-wrap\">\n\t\t\t\t\t\t<div class=\"elementor-element elementor-element-8ec1be0 elementor-widget elementor-widget-heading\" data-id=\"8ec1be0\" data-element_type=\"widget\" data-widget_type=\"heading.default\">\n\t\t\t\t<div class=\"elementor-widget-container\">\n\t\t\t<h2 class=\"elementor-heading-title elementor-size-default\">\u0130leti\u015fim Bilgileri<\/h2>\t\t<\/div>\n\t\t\t\t<\/div>\n\t\t\t\t<div class=\"elementor-element elementor-element-761da87 elementor-widget-divider--view-line elementor-widget elementor-widget-divider\" data-id=\"761da87\" data-element_type=\"widget\" data-widget_type=\"divider.default\">\n\t\t\t\t<div class=\"elementor-widget-container\">\n\t\t\t\t\t<div class=\"elementor-divider\">\n\t\t\t<span class=\"elementor-divider-separator\">\n\t\t\t\t\t\t<\/span>\n\t\t<\/div>\n\t\t\t\t<\/div>\n\t\t\t\t<\/div>\n\t\t\t\t<div class=\"elementor-element elementor-element-298b6e3 elementor-widget elementor-widget-heading\" data-id=\"298b6e3\" data-element_type=\"widget\" data-widget_type=\"heading.default\">\n\t\t\t\t<div class=\"elementor-widget-container\">\n\t\t\t<h5 class=\"elementor-heading-title elementor-size-default\">NTECH DRILLING TECHNOLOGIES INDUSTRIAL AND COMMERCIAL LIMITED COMPANY<\/h5>\t\t<\/div>\n\t\t\t\t<\/div>\n\t\t\t\t<div class=\"elementor-element elementor-element-d4dee56 elementor-widget elementor-widget-text-editor\" data-id=\"d4dee56\" data-element_type=\"widget\" data-widget_type=\"text-editor.default\">\n\t\t\t\t<div class=\"elementor-widget-container\">\n\t\t\t\t\t\t\t\t<div class=\"elementor-text-editor elementor-clearfix\">\n\t\t\t\t<h6>KIZILIRMAK NEIGHBOURHOOD, DUMLUPINAR BOULEVARD, PAS\u0130F\u0130K REAL ESTATE 3 C-1 160 \u00c7ANKAYA\/ANKARA<\/h6>\t\t\t\t\t<\/div>\n\t\t\t\t\t\t<\/div>\n\t\t\t\t<\/div>\n\t\t\t\t<div class=\"elementor-element elementor-element-2d994a6 elementor-widget elementor-widget-heading\" data-id=\"2d994a6\" data-element_type=\"widget\" data-widget_type=\"heading.default\">\n\t\t\t\t<div class=\"elementor-widget-container\">\n\t\t\t<h5 class=\"elementor-heading-title elementor-size-default\">Ntech Drilling Technologies Malikoy Branch Equipment Production and Maintenance Facility<\/h5>\t\t<\/div>\n\t\t\t\t<\/div>\n\t\t\t\t<div class=\"elementor-element elementor-element-e389107 elementor-widget elementor-widget-text-editor\" data-id=\"e389107\" data-element_type=\"widget\" data-widget_type=\"text-editor.default\">\n\t\t\t\t<div class=\"elementor-widget-container\">\n\t\t\t\t\t\t\t\t<div class=\"elementor-text-editor elementor-clearfix\">\n\t\t\t\t<h6>MALIK\u00d6Y ANADOLU INDUSTRIAL ZONE, 15th STREET, NO. 12 \/ S\u0130NCAN \/ ANKARA<\/h6>\t\t\t\t\t<\/div>\n\t\t\t\t\t\t<\/div>\n\t\t\t\t<\/div>\n\t\t\t\t<div class=\"elementor-element elementor-element-f52bf38 elementor-widget elementor-widget-heading\" data-id=\"f52bf38\" data-element_type=\"widget\" data-widget_type=\"heading.default\">\n\t\t\t\t<div class=\"elementor-widget-container\">\n\t\t\t<div class=\"elementor-heading-title elementor-size-default\">E-POSTA<\/div>\t\t<\/div>\n\t\t\t\t<\/div>\n\t\t\t\t<div class=\"elementor-element elementor-element-492301e elementor-widget elementor-widget-text-editor\" data-id=\"492301e\" data-element_type=\"widget\" data-widget_type=\"text-editor.default\">\n\t\t\t\t<div class=\"elementor-widget-container\">\n\t\t\t\t\t\t\t\t<div class=\"elementor-text-editor elementor-clearfix\">\n\t\t\t\tinfo@ntechdrilling.com\t\t\t\t\t<\/div>\n\t\t\t\t\t\t<\/div>\n\t\t\t\t<\/div>\n\t\t\t\t<div class=\"elementor-element elementor-element-a369742 elementor-widget elementor-widget-heading\" data-id=\"a369742\" data-element_type=\"widget\" data-widget_type=\"heading.default\">\n\t\t\t\t<div class=\"elementor-widget-container\">\n\t\t\t<div class=\"elementor-heading-title elementor-size-default\"><i class=\"fa fa-phone\"> 0312 543 21 19 <\/i>\n<br>\n<br>\n<i class=\"fa fa-fax\"> 0312 543 22 19<\/i><\/div>\t\t<\/div>\n\t\t\t\t<\/div>\n\t\t\t\t<div class=\"elementor-element elementor-element-e97fe3f elementor-widget elementor-widget-spacer\" data-id=\"e97fe3f\" data-element_type=\"widget\" data-widget_type=\"spacer.default\">\n\t\t\t\t<div class=\"elementor-widget-container\">\n\t\t\t\t\t<div class=\"elementor-spacer\">\n\t\t\t<div class=\"elementor-spacer-inner\"><\/div>\n\t\t<\/div>\n\t\t\t\t<\/div>\n\t\t\t\t<\/div>\n\t\t\t\t<div class=\"elementor-element elementor-element-5f9bd7e elementor-widget elementor-widget-heading\" data-id=\"5f9bd7e\" data-element_type=\"widget\" data-widget_type=\"heading.default\">\n\t\t\t\t<div class=\"elementor-widget-container\">\n\t\t\t<div class=\"elementor-heading-title elementor-size-default\">Bizi Takip Et<\/div>\t\t<\/div>\n\t\t\t\t<\/div>\n\t\t\t\t<div class=\"elementor-element elementor-element-1bc6a69 elementor-shape-circle e-grid-align-left elementor-grid-0 elementor-widget elementor-widget-social-icons\" data-id=\"1bc6a69\" data-element_type=\"widget\" data-widget_type=\"social-icons.default\">\n\t\t\t\t<div class=\"elementor-widget-container\">\n\t\t\t\t\t<div class=\"elementor-social-icons-wrapper elementor-grid\">\n\t\t\t\t\t\t\t<span class=\"elementor-grid-item\">\n\t\t\t\t\t<a class=\"elementor-icon elementor-social-icon elementor-social-icon-instagram elementor-repeater-item-de28c32\" href=\"https:\/\/www.instagram.com\/ntechdrilling\/?hl=tr\" target=\"_blank\">\n\t\t\t\t\t\t<span class=\"elementor-screen-only\">Instagram<\/span>\n\t\t\t\t\t\t<i class=\"fab fa-instagram\"><\/i>\t\t\t\t\t<\/a>\n\t\t\t\t<\/span>\n\t\t\t\t\t\t\t<span class=\"elementor-grid-item\">\n\t\t\t\t\t<a class=\"elementor-icon elementor-social-icon elementor-social-icon-linkedin elementor-repeater-item-2b1fa8c\" href=\"https:\/\/www.linkedin.com\/company\/ntech-drilling-technologies\/?viewAsMember=true\" target=\"_blank\">\n\t\t\t\t\t\t<span class=\"elementor-screen-only\">Linkedin<\/span>\n\t\t\t\t\t\t<i class=\"fab fa-linkedin\"><\/i>\t\t\t\t\t<\/a>\n\t\t\t\t<\/span>\n\t\t\t\t\t<\/div>\n\t\t\t\t<\/div>\n\t\t\t\t<\/div>\n\t\t\t\t\t\t<\/div>\n\t\t\t\t\t<\/div>\n\t\t<\/div>\n\t\t\t\t\t\t\t\t<\/div>\n\t\t\t\t\t<\/div>\n\t\t<\/section>\n\t\t\t\t<div class=\"elementor-element elementor-element-d4f0746 elementor-widget elementor-widget-spacer\" data-id=\"d4f0746\" data-element_type=\"widget\" data-widget_type=\"spacer.default\">\n\t\t\t\t<div class=\"elementor-widget-container\">\n\t\t\t\t\t<div class=\"elementor-spacer\">\n\t\t\t<div class=\"elementor-spacer-inner\"><\/div>\n\t\t<\/div>\n\t\t\t\t<\/div>\n\t\t\t\t<\/div>\n\t\t\t\t<div class=\"elementor-element elementor-element-c8a7ba6 elementor-widget elementor-widget-boosted-elements-contact-form\" data-id=\"c8a7ba6\" data-element_type=\"widget\" data-widget_type=\"boosted-elements-contact-form.default\">\n\t\t\t\t<div class=\"elementor-widget-container\">\n\t\t\t\t\n\t\n\t\t\t<div class=\"boosted-elements-progression-contact-form-container\">\t\t\n\t\t\t<div role=\"form\" class=\"wpcf7\" id=\"wpcf7-f709-o2\" lang=\"tr-TR\" dir=\"ltr\">\n<div class=\"screen-reader-response\"><p role=\"status\" aria-live=\"polite\" aria-atomic=\"true\"><\/p> <ul><\/ul><\/div>\n<form action=\"\/en\/wp-json\/wp\/v2\/pages\/278#wpcf7-f709-o2\" method=\"post\" class=\"wpcf7-form init\" novalidate=\"novalidate\" data-status=\"init\" data-trp-original-action=\"\/en\/wp-json\/wp\/v2\/pages\/278#wpcf7-f709-o2\">\n<div style=\"display: none;\">\n<input type=\"hidden\" name=\"_wpcf7\" value=\"709\" \/>\n<input type=\"hidden\" name=\"_wpcf7_version\" value=\"5.5.6.1\" \/>\n<input type=\"hidden\" name=\"_wpcf7_locale\" value=\"tr_TR\" \/>\n<input type=\"hidden\" name=\"_wpcf7_unit_tag\" value=\"wpcf7-f709-o2\" \/>\n<input type=\"hidden\" name=\"_wpcf7_container_post\" value=\"0\" \/>\n<input type=\"hidden\" name=\"_wpcf7_posted_data_hash\" value=\"\" \/>\n<\/div>\n<p><label> Would you like to stay informed? Leave your email address and we will send the latest developments about us and our partners straight to your inbox.<br \/>\n    <span class=\"wpcf7-form-control-wrap your-email\"><input type=\"email\" name=\"your-email\" value=\"\" size=\"40\" class=\"wpcf7-form-control wpcf7-text wpcf7-email wpcf7-validates-as-required wpcf7-validates-as-email\" aria-required=\"true\" aria-invalid=\"false\" placeholder=\"E-Mail\" \/><\/span> <\/label><\/p>\n<p><span class=\"wpcf7-form-control-wrap izinvermail\"><span class=\"wpcf7-form-control wpcf7-acceptance\"><span class=\"wpcf7-list-item\"><label><input type=\"checkbox\" name=\"izinvermail\" value=\"1\" aria-invalid=\"false\" \/><span class=\"wpcf7-list-item-label\">I give you permission to contact me via email.<\/span><\/label><\/span><\/span><\/span><\/p>\n<p><span class=\"wpcf7-form-control-wrap acceptance-178\"><span class=\"wpcf7-form-control wpcf7-acceptance\"><span class=\"wpcf7-list-item\"><label><input type=\"checkbox\" name=\"acceptance-178\" value=\"1\" aria-invalid=\"false\" class=\"kvkk\" id=\"kvkk\" \/><span class=\"wpcf7-list-item-label\">I have read and accept the Privacy Policy.<\/span><\/label><\/span><\/span><\/span><\/p>\n<p><input type=\"submit\" value=\"SEND\" class=\"wpcf7-form-control has-spinner wpcf7-submit\" \/><\/p>\n<p style=\"display: none !important;\"><label>&#916;<textarea name=\"_wpcf7_ak_hp_textarea\" cols=\"45\" rows=\"8\" maxlength=\"100\"><\/textarea><\/label><input type=\"hidden\" id=\"ak_js_2\" name=\"_wpcf7_ak_js\" value=\"234\"\/><script>document.getElementById( \"ak_js_2\" ).setAttribute( \"value\", ( new Date() ).getTime() );<\/script><\/p><div class=\"wpcf7-response-output\" aria-hidden=\"true\"><\/div><input type=\"hidden\" name=\"trp-form-language\" value=\"en\"\/><\/form><\/div>\t\t<\/div><!-- close .boosted-elements-progression-contact-form-container -->\n\t\t\n\t\t\t<\/div>\n\t\t\t\t<\/div>\n\t\t\t\t<div class=\"elementor-element elementor-element-d8824b2 elementor-button-success elementor-widget elementor-widget-button\" data-id=\"d8824b2\" data-element_type=\"widget\" data-widget_type=\"button.default\">\n\t\t\t\t<div class=\"elementor-widget-container\">\n\t\t\t\t\t<div class=\"elementor-button-wrapper\">\n\t\t\t<a href=\"http:\/\/ntechdrilling.com\/en\/gizlilik-sozlesmemiz\/\" class=\"elementor-button-link elementor-button elementor-size-sm\" role=\"button\">\n\t\t\t\t\t\t<span class=\"elementor-button-content-wrapper\">\n\t\t\t\t\t\t<span class=\"elementor-button-text\">Please click here to read our privacy policy.<\/span>\n\t\t<\/span>\n\t\t\t\t\t<\/a>\n\t\t<\/div>\n\t\t\t\t<\/div>\n\t\t\t\t<\/div>\n\t\t\t\t\t\t<\/div>\n\t\t\t\t\t<\/div>\n\t\t<\/div>\n\t\t\t\t\t\t\t\t<\/div>\n\t\t\t\t\t<\/div>\n\t\t<\/section>\n\t\t\t\t\t\t<\/div>\n\t\t\t\t\t\t<\/div>\n\t\t\t\t\t<\/div>","protected":false},"excerpt":{"rendered":"<p>Bize ula\u015fIN Bize ula\u015fmak i\u00e7in e-posta adresimizi kullanabilir veya a\u015fa\u011f\u0131daki ileti\u015fim formunu kullanabilirsiniz. Bizimle ne ama\u00e7la ileti\u015fime ge\u00e7mektesiniz? \u00dcr\u00fcn ve\/veya Hizmet Al\u0131c\u0131s\u0131y\u0131m.\u00dcr\u00fcn ve\/veya Hizmet Sat\u0131c\u0131s\u0131y\u0131m.Di\u011fer. Benimle e-posta ve telefon yoluyla ileti\u015fime ge\u00e7menize izin veriyorum. Gizlilik S\u00f6zle\u015fmesini Okudum ve Kabul Ediyorum Gizlilik s\u00f6zle\u015fmemizi okumak i\u00e7in l\u00fctfen t\u0131klay\u0131n. \u0130leti\u015fim Bilgileri NTECH SONDAJ TEKNOLOJiLERi SANAYi TiCARET LiMiTED \u015fiRKETi [&hellip;]<\/p>\n","protected":false},"author":1,"featured_media":0,"parent":0,"menu_order":0,"comment_status":"closed","ping_status":"closed","template":"","meta":{"footnotes":""},"class_list":["post-278","page","type-page","status-publish","hentry"],"_links":{"self":[{"href":"https:\/\/ntechdrilling.com\/en\/wp-json\/wp\/v2\/pages\/278","targetHints":{"allow":["GET"]}}],"collection":[{"href":"https:\/\/ntechdrilling.com\/en\/wp-json\/wp\/v2\/pages"}],"about":[{"href":"https:\/\/ntechdrilling.com\/en\/wp-json\/wp\/v2\/types\/page"}],"author":[{"embeddable":true,"href":"https:\/\/ntechdrilling.com\/en\/wp-json\/wp\/v2\/users\/1"}],"replies":[{"embeddable":true,"href":"https:\/\/ntechdrilling.com\/en\/wp-json\/wp\/v2\/comments?post=278"}],"version-history":[{"count":72,"href":"https:\/\/ntechdrilling.com\/en\/wp-json\/wp\/v2\/pages\/278\/revisions"}],"predecessor-version":[{"id":2029,"href":"https:\/\/ntechdrilling.com\/en\/wp-json\/wp\/v2\/pages\/278\/revisions\/2029"}],"wp:attachment":[{"href":"https:\/\/ntechdrilling.com\/en\/wp-json\/wp\/v2\/media?parent=278"}],"curies":[{"name":"wp","href":"https:\/\/api.w.org\/{rel}","templated":true}]}}